{"id":2125,"date":"2024-10-18T18:40:27","date_gmt":"2024-10-18T18:40:27","guid":{"rendered":"https:\/\/torrebosquecapital.com\/?page_id=2125"},"modified":"2024-10-18T18:40:27","modified_gmt":"2024-10-18T18:40:27","slug":"aviso-de-privacidad","status":"publish","type":"page","link":"https:\/\/torrebosquecapital.com\/index.php\/aviso-de-privacidad\/","title":{"rendered":"Aviso de Privacidad"},"content":{"rendered":"<div class=\"fusion-fullwidth fullwidth-box fusion-builder-row-1 fusion-flex-container nonhundred-percent-fullwidth non-hundred-percent-height-scrolling\" style=\"background-color: var(--awb-color1);background-position: center center;background-repeat: no-repeat;border-width: 0px 0px 0px 0px;border-color:var(--awb-color3);border-style:solid;\" ><div class=\"fusion-builder-row fusion-row fusion-flex-align-items-flex-start fusion-flex-justify-content-center\" style=\"max-width:1996.8;margin-left: calc(-4% \/ 2 );margin-right: calc(-4% \/ 2 );\"><div class=\"fusion-layout-column fusion_builder_column fusion-builder-column-0 fusion_builder_column_4_5 4_5 fusion-flex-column\"><div class=\"fusion-column-wrapper fusion-flex-justify-content-flex-start fusion-content-layout-column\" style=\"background-position:left top;background-repeat:no-repeat;-webkit-background-size:cover;-moz-background-size:cover;-o-background-size:cover;background-size:cover;padding: 0px 0px 0px 0px;\"><style type=\"text\/css\">@media only screen and (max-width:1024px) {.fusion-title.fusion-title-1{margin-top:10px!important; margin-right:0px!important;margin-bottom:15px!important;margin-left:0px!important;}}@media only screen and (max-width:640px) {.fusion-title.fusion-title-1{margin-top:10px!important; margin-right:0px!important;margin-bottom:10px!important; margin-left:0px!important;}}<\/style><div class=\"fusion-title title fusion-title-1 fusion-sep-none fusion-title-center fusion-title-text fusion-title-size-one\" style=\"font-size:81px;margin-top:10px;margin-right:0px;margin-bottom:15px;margin-left:0px;\"><h1 class=\"title-heading-center fusion-responsive-typography-calculated\" style=\"font-family:&quot;author bold&quot;;font-weight:400;margin:0;font-size:1em;color:var(--awb-color5);--fontSize:81;line-height:var(--awb-typography1-line-height);\">Aviso de Privacidad<\/h1><\/div><div class=\"fusion-separator fusion-full-width-sep\" style=\"align-self: center;margin-left: auto;margin-right: auto;margin-bottom:40px;width:100%;\"><\/div><div class=\"fusion-text fusion-text-1\"><p>Como cliente, proveedor o empleado de las empresas que conforman GRUPO IDEX ya sean tenedoras filiales y\/o subsidiarias (en lo sucesivo GRUPO IDEX), le informamos que la protecci\u00f3n de sus datos personales es muy importante para GRUPO IDEX , por ello que nos permitimos informarle el tipo de datos personales que recabamos de usted, c\u00f3mo los usamos, y que difusi\u00f3n le damos, mediante el siguiente AVISO DE PRIVACIDAD, el cual es elaborado con apego y en cumplimiento a la Ley Federal de Protecci\u00f3n de Datos Personales en posesi\u00f3n de Particulares, la cual se constituye por datos personales de naturaleza p\u00fablica, identificativa, racial, laboral, sensible, acad\u00e9mica, familiar, patrimonial, tr\u00e1nsito y movimientos migratorios, procesos judiciales y administrativos, as\u00ed como biom\u00e9trica tambi\u00e9n en lo concerniente a su estado econ\u00f3mico, comercial, financiero, cuentas bancarias, informaci\u00f3n fiscal y contable o cualquier otro relativo a su identidad o que les sea inherente, que de revelarse menoscabe su libre desarrollo y que puedan dar origen a discriminaci\u00f3n, o que su difusi\u00f3n o entrega a terceros conlleven un riesgo para el titular de los mismos y en general todos aquellos datos de una persona f\u00edsica o moral identificable.<\/p>\n<p>Los datos personales que nos ha proporcionado directamente o a trav\u00e9s de medios electr\u00f3nicos, han sido conseguidos y ser\u00e1n tratados por GRUPO IDEX bajo los principios de licitud, consentimiento, informaci\u00f3n, calidad, finalidad, lealtad, proporcionalidad y responsabilidad, de conformidad con lo dispuesto por la Ley.<\/p>\n<p>A continuaci\u00f3n, se describen dichos datos personales recabados y su finalidad:<\/p>\n<p>Para nuestros candidatos y empleados: En este caso recabaremos y trataremos sus datos personales, datos personales sensibles y patrimoniales o financieros para llevar a cabo los procesos de reclutamiento, selecci\u00f3n y, en su caso, contrataci\u00f3n, as\u00ed como para el cumplimiento de las prestaciones u obligaciones derivadas de la relaci\u00f3n de servicios profesionales o laboral.<\/p>\n<p>Para nuestros prospectos y clientes: Podremos recabar sus datos personales, y patrimoniales o financieros con la finalidad de prestar el servicio correspondiente, ofrecerle nuestros productos y cumplir con las obligaciones legales.<\/p>\n<p>Para nuestros prospectos y proveedores: Recabamos sus datos personales, sensibles y financieros necesarios para iniciar o dar cumplimiento a una relaci\u00f3n comercial futura o vigente con la finalidad de poder adquirir sus servicios o productos.<\/p>\n<p>GRUPO IDEX hace de su conocimiento que los datos personales proporcionados por el Titular podr\u00e1n ser utilizados, de forma enunciativa m\u00e1s no limitativa, para: (i) integrar su expediente como cliente, proveedor, prestador de servicios o empleado; (ii) prestar los servicios y transmitir los productos que pudieran llegar a ser o hayan sido contratados; (iii) llevar a cabo la adquisici\u00f3n de los derechos o productos relacionados con los mismos; (iv) el desarrollo de nuevos productos y servicios; (v) el conocimiento del mercado y el desempe\u00f1o de la empresa dentro de este; (vi) el seguimiento a ventas; (vii) desarrollo de estudios para determinar la satisfacci\u00f3n del cliente; (ix) la creaci\u00f3n de directorios; (x) la creaci\u00f3n de bases de datos para conocer el perfil y las necesidades del cliente; (xi) el env\u00edo de promociones sobre nuestros productos o servicios; (xii) la entrega de promociones; xiii) la entrega de premios de lealtad; (xiv) el env\u00edo de comunicaciones de todo tipo; (xv) la invitaci\u00f3n a eventos; (xvi) la realizaci\u00f3n de diversos an\u00e1lisis a fin de determinar la eficacia de publicidad; (xvii) la integraci\u00f3n de bases de datos de candidatos para suplir vacantes; y (xviii) la integraci\u00f3n de bases de datos y expedientes personales del personal contratado, la realizaci\u00f3n, de forma interna o por medio de terceros, de ex\u00e1menes de confianza y desempe\u00f1o de candidatos a suplir vacantes y personal contratado.<\/p>\n<p>\u00bfCon qui\u00e9n compartimos su informaci\u00f3n y con qu\u00e9 finalidad?<\/p>\n<p>Se le hace saber que siendo el caso sus datos personales pueden ser transferidos o proporcionados a terceros sin autorizaci\u00f3n del titular de la informaci\u00f3n confidencial, sin embargo, el titular de la informaci\u00f3n confidencial tendr\u00e1 derecho a conocer la utilizaci\u00f3n, procesos, modificaciones y transmisiones de que sea objeto su informaci\u00f3n confidencial.<\/p>\n<p>Sus datos personales son tratados por personal perteneciente a GRUPO IDEX, con la finalidad de ofrecerle el servicio que usted solicite.<\/p>\n<p>Limitaci\u00f3n al uso y divulgaci\u00f3n de datos personales:<\/p>\n<p>Los datos que usted como titular, proporcione a GRUPO IDEX, ser\u00e1n tratados bajo los principios de licitud, consentimiento, informaci\u00f3n, calidad, finalidad, lealtad, proporcionalidad y responsabilidad.<\/p>\n<p>Con el objeto de dar protecci\u00f3n y delimitar los riesgos que puedan presentarse causando alguna p\u00e9rdida, alteraci\u00f3n, da\u00f1o o uso indebido de sus datos personales, sensibles o patrimoniales, GRUPO IDEX, ha implementado en t\u00e9rminos del Reglamento, las medidas de seguridad f\u00edsicas, t\u00e9cnicas y administrativas para cuidar la seguridad de sus datos.<\/p>\n<p>\u00bfC\u00f3mo puede limitar el uso o divulgaci\u00f3n de su informaci\u00f3n personal?<\/p>\n<p>Usted puede limitar el uso y divulgaci\u00f3n ejerciendo sus derechos de acceso, rectificaci\u00f3n, cancelaci\u00f3n u oposici\u00f3n de su informaci\u00f3n a trav\u00e9s de los siguientes medios que hemos instrumentado: Presentando su solicitud por escrito personalmente en nuestro domicilio, misma que debe ser dirigida a la persona encargada de la privacidad en GRUPO IDEX ubicado en Diagonal Isabel Prieto No. 800, Colonia Italia Providencia, 44648, Guadalajara, Jal., o enviando un correo electr\u00f3nico a la siguiente direcci\u00f3n electr\u00f3nica: atencionacliente@idex.cc o llamando al n\u00famero telef\u00f3nico +55 (33) 36-15-02-18.<\/p>\n<p>Para efectos de lo establecido en el p\u00e1rrafo que antecede, usted deber\u00e1 hacernos saber de manera fehaciente los datos personales en posesi\u00f3n de GRUPO IDEX que desea sean rectificados, cancelados o revisados, por lo que usted puede presentar su solicitud por escrito, conforme a los siguientes lineamientos:<\/p>\n<p>La solicitud de protecci\u00f3n deber\u00e1 presentarse con acuse y contener:<br \/>\na) Nombre del sujeto obligado (en este caso, GRUPO IDEX).<br \/>\nb) Nombre del titular de los datos o del representante legal.<br \/>\nc) Domicilio, fax o correo electr\u00f3nico para recibir notificaciones.<br \/>\nd) Planteamiento concreto del derecho que desea ejercer.<br \/>\ne) En su caso, copia simple de documentos que apoyen la solicitud.<\/p>\n<p>En caso de no cumplir con alguno de los requerimientos anteriores, deber\u00e1 prevenirse al titular de los datos dentro de los tres d\u00edas h\u00e1biles siguientes a su presentaci\u00f3n para que el plazo de seis d\u00edas h\u00e1biles subsane dicha prevenci\u00f3n y pueda ser admitida la solicitud.<br \/>\nEn caso de ser procedente, se admitir\u00e1 la solicitud de protecci\u00f3n dentro de los tres d\u00edas h\u00e1biles siguientes a su presentaci\u00f3n.<br \/>\nUna vez integrado el expediente, la solicitud ser\u00e1 resuelta por la Gerencia de GRUPO IDEX, dentro de los diez d\u00edas h\u00e1biles siguientes a la admisi\u00f3n de la misma de conformidad con la legislaci\u00f3n aplicable, en caso de que se requiera, se podr\u00e1 ampliar el tiempo para resolver mediante acuerdo fundado y motivado hasta por seis d\u00edas m\u00e1s.<br \/>\nLa Gerencia de GRUPO IDEX, emitir\u00e1 una resoluci\u00f3n en sentido procedente, parcialmente procedente o improcedente respecto de la solicitud, la cual deber\u00e1 contener:<br \/>\na) Nombre del sujeto obligado (GRUPO IDEX).<br \/>\nb) N\u00famero de expediente<br \/>\nc) Datos de la solicitud.<br \/>\nd) Motivaci\u00f3n y fundamentaci\u00f3n sobre el sentido de la resoluci\u00f3n.<br \/>\ne) Puntos resolutivos sobre la procedencia de la solicitud.<br \/>\nf) Lugar, fecha, nombre y firma de quien resuelve.<br \/>\nNotificaci\u00f3n de la resoluci\u00f3n al titular de los datos.<br \/>\nCabe se\u00f1alar que en todo momento queda a salvo su derecho a revocar el consentimiento que nos ha otorgado para el tratamiento de sus datos personales, el cual, podr\u00e1 hacerlo valer mediante el procedimiento anteriormente citado.<\/p>\n<p>As\u00ed mismo, se le informa que, si la revelaci\u00f3n o divulgaci\u00f3n de los datos personales proporcionados a GRUPO IDEX son requeridos por ley o por orden judicial en virtud de providencia dictada en juicio, GRUPO IDEX proporcionar\u00e1 los datos personales requeridos por la autoridad, con el objetivo de dar cumplimiento a dicha orden o requerimiento judicial.<\/p>\n<p>\u00bfC\u00f3mo conocer los cambios al presente aviso de privacidad?<\/p>\n<p>GRUPO IDEX se reserva el derecho de modificar este Aviso de Privacidad, como consecuencia de las actualizaciones y reformas en el marco jur\u00eddico y atendiendo a las disposiciones internas de GRUPO IDEX, inform\u00e1ndole al Titular de dichos cambios a trav\u00e9s de su p\u00e1gina web.<\/p>\n<p>\u00bfC\u00f3mo contactarnos?<\/p>\n<p>Si usted tiene alguna duda o comentario respecto al presente aviso de privacidad, puede hacerlo por escrito v\u00eda correo electr\u00f3nico en atencionacliente@idex.cc , o mediante escrito libre en el domicilio ubicado en Diagonal Isabel Prieto No. 800, Colonia Italia Providencia, 44648, Guadalajara, Jal. o llamando al n\u00famero +55 (33) 36-15-02-18, as\u00ed mismo, ponemos a su entera disposici\u00f3n copias del presente aviso de privacidad en nuestro domicilio y en nuestra p\u00e1gina de internet idex.cc.<\/p>\n<p>Atentamente, Grupo Idex<\/p>\n<\/div><\/div><style type=\"text\/css\">.fusion-body .fusion-builder-column-0{width:80% !important;margin-top : 0px;margin-bottom : 20px;}.fusion-builder-column-0 > .fusion-column-wrapper {padding-top : 0px !important;padding-right : 0px !important;margin-right : 2.4%;padding-bottom : 0px !important;padding-left : 0px !important;margin-left : 2.4%;}@media only screen and (max-width:1024px) {.fusion-body .fusion-builder-column-0{width:80% !important;order : 0;}.fusion-builder-column-0 > .fusion-column-wrapper {margin-right : 2.4%;margin-left : 2.4%;}}@media only screen and (max-width:640px) {.fusion-body .fusion-builder-column-0{width:100% !important;order : 0;}.fusion-builder-column-0 > .fusion-column-wrapper {margin-right : 1.92%;margin-left : 1.92%;}}<\/style><\/div><\/div><style type=\"text\/css\">.fusion-body .fusion-flex-container.fusion-builder-row-1{ padding-top : 0px;margin-top : 0px;padding-right : 0px;padding-bottom : 0px;margin-bottom : 0px;padding-left : 0px;}<\/style><\/div>\n","protected":false},"excerpt":{"rendered":"","protected":false},"author":2,"featured_media":0,"parent":0,"menu_order":0,"comment_status":"closed","ping_status":"closed","template":"100-width.php","meta":{"footnotes":""},"class_list":["post-2125","page","type-page","status-publish","hentry"],"acf":[],"yoast_head":"<!-- This site is optimized with the Yoast SEO plugin v27.3 - https:\/\/yoast.com\/product\/yoast-seo-wordpress\/ -->\n<title>Bosque Capital - Aviso de Privacidad<\/title>\n<meta name=\"robots\" content=\"index, follow, max-snippet:-1, max-image-preview:large, max-video-preview:-1\" \/>\n<link rel=\"canonical\" href=\"https:\/\/torrebosquecapital.com\/index.php\/aviso-de-privacidad\/\" \/>\n<meta property=\"og:locale\" content=\"es_ES\" \/>\n<meta property=\"og:type\" content=\"article\" \/>\n<meta property=\"og:title\" content=\"Bosque Capital - Aviso de Privacidad\" \/>\n<meta property=\"og:url\" content=\"https:\/\/torrebosquecapital.com\/index.php\/aviso-de-privacidad\/\" \/>\n<meta property=\"og:site_name\" content=\"Bosque Capital\" \/>\n<meta name=\"twitter:card\" content=\"summary_large_image\" \/>\n<meta name=\"twitter:label1\" content=\"Tiempo de lectura\" \/>\n\t<meta name=\"twitter:data1\" content=\"3 minutos\" \/>\n<script type=\"application\/ld+json\" class=\"yoast-schema-graph\">{\"@context\":\"https:\\\/\\\/schema.org\",\"@graph\":[{\"@type\":\"WebPage\",\"@id\":\"https:\\\/\\\/torrebosquecapital.com\\\/index.php\\\/aviso-de-privacidad\\\/\",\"url\":\"https:\\\/\\\/torrebosquecapital.com\\\/index.php\\\/aviso-de-privacidad\\\/\",\"name\":\"Bosque Capital - Aviso de Privacidad\",\"isPartOf\":{\"@id\":\"https:\\\/\\\/torrebosquecapital.com\\\/#website\"},\"datePublished\":\"2024-10-18T18:40:27+00:00\",\"breadcrumb\":{\"@id\":\"https:\\\/\\\/torrebosquecapital.com\\\/index.php\\\/aviso-de-privacidad\\\/#breadcrumb\"},\"inLanguage\":\"es\",\"potentialAction\":[{\"@type\":\"ReadAction\",\"target\":[\"https:\\\/\\\/torrebosquecapital.com\\\/index.php\\\/aviso-de-privacidad\\\/\"]}]},{\"@type\":\"BreadcrumbList\",\"@id\":\"https:\\\/\\\/torrebosquecapital.com\\\/index.php\\\/aviso-de-privacidad\\\/#breadcrumb\",\"itemListElement\":[{\"@type\":\"ListItem\",\"position\":1,\"name\":\"Portada\",\"item\":\"https:\\\/\\\/torrebosquecapital.com\\\/\"},{\"@type\":\"ListItem\",\"position\":2,\"name\":\"Aviso de Privacidad\"}]},{\"@type\":\"WebSite\",\"@id\":\"https:\\\/\\\/torrebosquecapital.com\\\/#website\",\"url\":\"https:\\\/\\\/torrebosquecapital.com\\\/\",\"name\":\"Bosque Capital\",\"description\":\"Living\",\"potentialAction\":[{\"@type\":\"SearchAction\",\"target\":{\"@type\":\"EntryPoint\",\"urlTemplate\":\"https:\\\/\\\/torrebosquecapital.com\\\/?s={search_term_string}\"},\"query-input\":{\"@type\":\"PropertyValueSpecification\",\"valueRequired\":true,\"valueName\":\"search_term_string\"}}],\"inLanguage\":\"es\"}]}<\/script>\n<!-- \/ Yoast SEO plugin. -->","yoast_head_json":{"title":"Bosque Capital - Aviso de Privacidad","robots":{"index":"index","follow":"follow","max-snippet":"max-snippet:-1","max-image-preview":"max-image-preview:large","max-video-preview":"max-video-preview:-1"},"canonical":"https:\/\/torrebosquecapital.com\/index.php\/aviso-de-privacidad\/","og_locale":"es_ES","og_type":"article","og_title":"Bosque Capital - Aviso de Privacidad","og_url":"https:\/\/torrebosquecapital.com\/index.php\/aviso-de-privacidad\/","og_site_name":"Bosque Capital","twitter_card":"summary_large_image","twitter_misc":{"Tiempo de lectura":"3 minutos"},"schema":{"@context":"https:\/\/schema.org","@graph":[{"@type":"WebPage","@id":"https:\/\/torrebosquecapital.com\/index.php\/aviso-de-privacidad\/","url":"https:\/\/torrebosquecapital.com\/index.php\/aviso-de-privacidad\/","name":"Bosque Capital - Aviso de Privacidad","isPartOf":{"@id":"https:\/\/torrebosquecapital.com\/#website"},"datePublished":"2024-10-18T18:40:27+00:00","breadcrumb":{"@id":"https:\/\/torrebosquecapital.com\/index.php\/aviso-de-privacidad\/#breadcrumb"},"inLanguage":"es","potentialAction":[{"@type":"ReadAction","target":["https:\/\/torrebosquecapital.com\/index.php\/aviso-de-privacidad\/"]}]},{"@type":"BreadcrumbList","@id":"https:\/\/torrebosquecapital.com\/index.php\/aviso-de-privacidad\/#breadcrumb","itemListElement":[{"@type":"ListItem","position":1,"name":"Portada","item":"https:\/\/torrebosquecapital.com\/"},{"@type":"ListItem","position":2,"name":"Aviso de Privacidad"}]},{"@type":"WebSite","@id":"https:\/\/torrebosquecapital.com\/#website","url":"https:\/\/torrebosquecapital.com\/","name":"Bosque Capital","description":"Living","potentialAction":[{"@type":"SearchAction","target":{"@type":"EntryPoint","urlTemplate":"https:\/\/torrebosquecapital.com\/?s={search_term_string}"},"query-input":{"@type":"PropertyValueSpecification","valueRequired":true,"valueName":"search_term_string"}}],"inLanguage":"es"}]}},"_links":{"self":[{"href":"https:\/\/torrebosquecapital.com\/index.php\/wp-json\/wp\/v2\/pages\/2125","targetHints":{"allow":["GET"]}}],"collection":[{"href":"https:\/\/torrebosquecapital.com\/index.php\/wp-json\/wp\/v2\/pages"}],"about":[{"href":"https:\/\/torrebosquecapital.com\/index.php\/wp-json\/wp\/v2\/types\/page"}],"author":[{"embeddable":true,"href":"https:\/\/torrebosquecapital.com\/index.php\/wp-json\/wp\/v2\/users\/2"}],"replies":[{"embeddable":true,"href":"https:\/\/torrebosquecapital.com\/index.php\/wp-json\/wp\/v2\/comments?post=2125"}],"version-history":[{"count":1,"href":"https:\/\/torrebosquecapital.com\/index.php\/wp-json\/wp\/v2\/pages\/2125\/revisions"}],"predecessor-version":[{"id":2127,"href":"https:\/\/torrebosquecapital.com\/index.php\/wp-json\/wp\/v2\/pages\/2125\/revisions\/2127"}],"wp:attachment":[{"href":"https:\/\/torrebosquecapital.com\/index.php\/wp-json\/wp\/v2\/media?parent=2125"}],"curies":[{"name":"wp","href":"https:\/\/api.w.org\/{rel}","templated":true}]}}